{"id":1568,"date":"2025-07-16T15:37:59","date_gmt":"2025-07-16T15:37:59","guid":{"rendered":"https:\/\/novamarketing.luxoragency.com\/?page_id=837"},"modified":"2025-09-26T17:40:33","modified_gmt":"2025-09-26T17:40:33","slug":"about","status":"publish","type":"page","link":"http:\/\/studiosem.pl\/?page_id=1568","title":{"rendered":"About"},"content":{"rendered":"\t\t<div data-elementor-type=\"wp-page\" data-elementor-id=\"1568\" class=\"elementor elementor-1568\">\n\t\t\t\t<div class=\"elementor-element elementor-element-e4b5c25 e-flex e-con-boxed e-con e-parent\" data-id=\"e4b5c25\" data-element_type=\"container\">\n\t\t\t\t\t<div class=\"e-con-inner\">\n\t\t<div class=\"elementor-element elementor-element-940c31e e-con-full e-flex e-con e-child\" data-id=\"940c31e\" data-element_type=\"container\" data-settings=\"{&quot;background_background&quot;:&quot;classic&quot;}\">\n\t\t\t\t<div class=\"elementor-element elementor-element-e2163c4 elementor-widget elementor-widget-second_block\" data-id=\"e2163c4\" data-element_type=\"widget\" data-widget_type=\"second_block.default\">\n\t\t\t\t<div class=\"elementor-widget-container\">\n\t\t\t\t\t        <div class=\"second-block-padding\" style=\"position: relative; z-index: -1;\">\r\n            <div class=\"second-block-wrapper\">\r\n                <div class=\"second-block-flex\">\r\n                    <style>\r\n.second-block-flex {\r\n    display: flex;\r\n    flex-direction: row;\r\n    align-items: center;\r\n    justify-content: space-between;\r\n    gap: 40px;\r\n}\r\n@media (max-width: 1200px) {\r\n    .second-block-flex {\r\n        flex-direction: column !important;\r\n        width: 100vw !important;\r\n        max-width: 100vw !important;\r\n        align-items: center !important;\r\n        justify-content: flex-start !important;\r\n        gap: 0 !important;\r\n    }\r\n    .second-block-left,\r\n    .second-block-right {\r\n        width: 100% !important;\r\n        max-width: 100vw !important;\r\n        box-sizing: border-box !important;\r\n        padding: 0 !important;\r\n        margin: 0 !important;\r\n    }\r\n    .second-block-left {\r\n        order: 1 !important;\r\n    }\r\n    .second-block-right {\r\n        order: 2 !important;\r\n    }\r\n    .second-block-left img {\r\n        display: block !important;\r\n        margin: 0 auto !important;\r\n        max-width: 80vw !important;\r\n        height: auto !important;\r\n    }\r\n    .second-block-texts {\r\n        width: 100% !important;\r\n        max-width: 90vw !important;\r\n        text-align: center !important;\r\n        margin: 0 auto !important;\r\n        padding: 0 !important;\r\n    }\r\n.second-block-texts .line-1,\r\n.second-block-texts .line-3 {\r\n    display: block !important;\r\n\tmargin-left: auto !important;\r\n\tmargin-right: auto !important;\r\n    max-width: 90vw !important;\r\n    text-align: center !important;\r\n}\r\n.second-block-texts .line-2 {\r\n    display: block !important;\r\n    margin-left: auto !important;\r\n    margin-right: auto !important;\r\n    \/* NIET margin-top\/margin-bottom! Laat Elementor dit bepalen! *\/\r\n    max-width: 90vw !important;\r\n    text-align: center !important;\r\n}\r\n    }\r\n                    <\/style>\r\n                    <div class=\"second-block-left\">\r\n                                                    <img decoding=\"async\" src=\"http:\/\/studiosem.pl\/wp-content\/uploads\/2025\/09\/2FDAD04B-E596-4861-9AA1-20B4EF4A4FA4-scaled.png\" alt=\"Afbeelding\" \/>\r\n                                            <\/div>\r\n                    <div class=\"second-block-right\">\r\n                        <div class=\"second-block-texts\">\r\n                            <p class=\"line-1\">O MNIE<\/p>\r\n                            <p class=\"line-2\">Tw\u00f3rczyni wn\u0119trz, mi\u0142o\u015bniczka natury, estetka<\/p>\r\n                            <p class=\"line-3\">Nazywam si\u0119 Sylwia Majewska i od zawsze fascynowa\u0142o mnie projektowanie wn\u0119trz. Ju\u017c jako nastolatka uwielbia\u0142am przemeblowywa\u0107 pokoje, zmienia\u0107 kolory \u015bcian i wyobra\u017ca\u0107 sobie, jak mog\u0142aby wygl\u0105da\u0107 idealna przestrze\u0144.  Dzi\u015b pasja ta przerodzi\u0142a si\u0119 w moj\u0105 prac\u0119. Uwielbiam dobry design i naturalne materia\u0142y, kt\u00f3re nadaj\u0105 wn\u0119trzom wyj\u0105tkowego charakteru. Przestrze\u0144 postrzegam wszystkimi zmys\u0142ami \u2013 wa\u017cne jest dla mnie nie tylko to, jak wygl\u0105da, ale te\u017c jak pachnie, jakie d\u017awi\u0119ki w niej s\u0142ycha\u0107 i jak przyjemne w dotyku s\u0105 materia\u0142y. Wierz\u0119, \u017ce wn\u0119trze powinno anga\u017cowa\u0107 ca\u0142e cia\u0142o i emocje, aby naprawd\u0119 sta\u0142o si\u0119 miejscem, w kt\u00f3rym chce si\u0119 przebywa\u0107.  Inspiruj\u0119 si\u0119 r\u00f3\u017cnymi nurtami \u2013 od prostoty minimalizmu i harmonii japandi, przez ciep\u0142o modern farmhouse, a\u017c po ponadczasow\u0105 elegancj\u0119 klasyki i \u015bwie\u017co\u015b\u0107 wsp\u00f3\u0142czesnego designu. Lubi\u0119 \u0142\u0105czy\u0107 te estetyki w sp\u00f3jne, funkcjonalne wn\u0119trza, kt\u00f3re s\u0105 pi\u0119kne, ale przede wszystkim prawdziwie odpowiadaj\u0105 na potrzeby domownik\u00f3w.<\/p>\r\n                        <\/div>\r\n                    <\/div>\r\n                <\/div>\r\n            <\/div>\r\n        <\/div>\r\n        \t\t\t\t<\/div>\n\t\t\t\t<\/div>\n\t\t\t\t<\/div>\n\t\t\t\t\t<\/div>\n\t\t\t\t<\/div>\n\t\t<div class=\"elementor-element elementor-element-f6dc26a e-flex e-con-boxed e-con e-parent\" data-id=\"f6dc26a\" data-element_type=\"container\">\n\t\t\t\t\t<div class=\"e-con-inner\">\n\t\t\t\t<div class=\"elementor-element elementor-element-ec695f7 elementor-widget__width-initial elementor-widget elementor-widget-image\" data-id=\"ec695f7\" data-element_type=\"widget\" data-widget_type=\"image.default\">\n\t\t\t\t\t\t\t\t\t\t\t\t\t\t\t<img fetchpriority=\"high\" decoding=\"async\" width=\"1536\" height=\"2048\" src=\"http:\/\/studiosem.pl\/wp-content\/uploads\/2025\/09\/111-scaled.jpg\" class=\"attachment-2048x2048 size-2048x2048 wp-image-1643\" alt=\"\" \/>\t\t\t\t\t\t\t\t\t\t\t\t\t\t\t<\/div>\n\t\t\t\t<div class=\"elementor-element elementor-element-6a27c1c elementor-widget__width-initial elementor-absolute elementor-widget elementor-widget-second_block\" data-id=\"6a27c1c\" data-element_type=\"widget\" data-settings=\"{&quot;_position&quot;:&quot;absolute&quot;}\" data-widget_type=\"second_block.default\">\n\t\t\t\t<div class=\"elementor-widget-container\">\n\t\t\t\t\t        <div class=\"second-block-padding\" style=\"position: relative; z-index: -1;\">\r\n            <div class=\"second-block-wrapper\">\r\n                <div class=\"second-block-flex\">\r\n                    <style>\r\n.second-block-flex {\r\n    display: flex;\r\n    flex-direction: row;\r\n    align-items: center;\r\n    justify-content: space-between;\r\n    gap: 40px;\r\n}\r\n@media (max-width: 1200px) {\r\n    .second-block-flex {\r\n        flex-direction: column !important;\r\n        width: 100vw !important;\r\n        max-width: 100vw !important;\r\n        align-items: center !important;\r\n        justify-content: flex-start !important;\r\n        gap: 0 !important;\r\n    }\r\n    .second-block-left,\r\n    .second-block-right {\r\n        width: 100% !important;\r\n        max-width: 100vw !important;\r\n        box-sizing: border-box !important;\r\n        padding: 0 !important;\r\n        margin: 0 !important;\r\n    }\r\n    .second-block-left {\r\n        order: 1 !important;\r\n    }\r\n    .second-block-right {\r\n        order: 2 !important;\r\n    }\r\n    .second-block-left img {\r\n        display: block !important;\r\n        margin: 0 auto !important;\r\n        max-width: 80vw !important;\r\n        height: auto !important;\r\n    }\r\n    .second-block-texts {\r\n        width: 100% !important;\r\n        max-width: 90vw !important;\r\n        text-align: center !important;\r\n        margin: 0 auto !important;\r\n        padding: 0 !important;\r\n    }\r\n.second-block-texts .line-1,\r\n.second-block-texts .line-3 {\r\n    display: block !important;\r\n\tmargin-left: auto !important;\r\n\tmargin-right: auto !important;\r\n    max-width: 90vw !important;\r\n    text-align: center !important;\r\n}\r\n.second-block-texts .line-2 {\r\n    display: block !important;\r\n    margin-left: auto !important;\r\n    margin-right: auto !important;\r\n    \/* NIET margin-top\/margin-bottom! Laat Elementor dit bepalen! *\/\r\n    max-width: 90vw !important;\r\n    text-align: center !important;\r\n}\r\n    }\r\n                    <\/style>\r\n                    <div class=\"second-block-left\">\r\n                                            <\/div>\r\n                    <div class=\"second-block-right\">\r\n                        <div class=\"second-block-texts\">\r\n                            <p class=\"line-1\">O MNIE<\/p>\r\n                            <p class=\"line-2\">Tw\u00f3rczyni wn\u0119trz, mi\u0142o\u015bniczka natury, estetka<\/p>\r\n                            <p class=\"line-3\">Nazywam si\u0119 Sylwia Majewska i od zawsze fascynowa\u0142o mnie projektowanie wn\u0119trz. Ju\u017c jako nastolatka uwielbia\u0142am przemeblowywa\u0107 pokoje, zmienia\u0107 kolory \u015bcian i wyobra\u017ca\u0107 sobie, jak mog\u0142aby wygl\u0105da\u0107 idealna przestrze\u0144.  Dzi\u015b pasja ta przerodzi\u0142a si\u0119 w moj\u0105 prac\u0119. Uwielbiam dobry design i naturalne materia\u0142y, kt\u00f3re nadaj\u0105 wn\u0119trzom wyj\u0105tkowego charakteru. Przestrze\u0144 postrzegam wszystkimi zmys\u0142ami \u2013 wa\u017cne jest dla mnie nie tylko to, jak wygl\u0105da, ale te\u017c jak pachnie, jakie d\u017awi\u0119ki w niej s\u0142ycha\u0107 i jak przyjemne w dotyku s\u0105 materia\u0142y. Wierz\u0119, \u017ce wn\u0119trze powinno anga\u017cowa\u0107 ca\u0142e cia\u0142o i emocje, aby naprawd\u0119 sta\u0142o si\u0119 miejscem, w kt\u00f3rym chce si\u0119 przebywa\u0107.  Inspiruj\u0119 si\u0119 r\u00f3\u017cnymi nurtami \u2013 od prostoty minimalizmu i harmonii japandi, przez ciep\u0142o modern farmhouse, a\u017c po ponadczasow\u0105 elegancj\u0119 klasyki i \u015bwie\u017co\u015b\u0107 wsp\u00f3\u0142czesnego designu. Lubi\u0119 \u0142\u0105czy\u0107 te estetyki w sp\u00f3jne, funkcjonalne wn\u0119trza, kt\u00f3re s\u0105 pi\u0119kne, ale przede wszystkim prawdziwie odpowiadaj\u0105 na potrzeby domownik\u00f3w.<\/p>\r\n                        <\/div>\r\n                    <\/div>\r\n                <\/div>\r\n            <\/div>\r\n        <\/div>\r\n        \t\t\t\t<\/div>\n\t\t\t\t<\/div>\n\t\t\t\t\t<\/div>\n\t\t\t\t<\/div>\n\t\t<div class=\"elementor-element elementor-element-1aa228d e-flex e-con-boxed e-con e-parent\" data-id=\"1aa228d\" data-element_type=\"container\">\n\t\t\t\t\t<div class=\"e-con-inner\">\n\t\t\t\t\t<\/div>\n\t\t\t\t<\/div>\n\t\t<div class=\"elementor-element elementor-element-bd5f3e2 e-con-full e-flex e-con e-parent\" data-id=\"bd5f3e2\" data-element_type=\"container\">\n\t\t<div class=\"elementor-element elementor-element-0aa16e5 e-flex e-con-boxed e-con e-child\" data-id=\"0aa16e5\" data-element_type=\"container\" data-settings=\"{&quot;background_background&quot;:&quot;classic&quot;}\">\n\t\t\t\t\t<div class=\"e-con-inner\">\n\t\t\t\t<div class=\"elementor-element elementor-element-cf25e8b elementor-widget elementor-widget-counter_block\" data-id=\"cf25e8b\" data-element_type=\"widget\" data-widget_type=\"counter_block.default\">\n\t\t\t\t<div class=\"elementor-widget-container\">\n\t\t\t\t\t        <style>\r\n        .counter-container {\r\n            display: flex;\r\n            flex-wrap: wrap;\r\n            justify-content: space-around;\r\n            gap: 30px;\r\n            text-align: center;\r\n        }\r\n\r\n        .counter-item {\r\n            flex: 1;\r\n            min-width: 150px;\r\n        }\r\n\r\n        .counter-label {\r\n            margin-bottom: 10px;\r\n        }\r\n\r\n        .counter-number {\r\n            font-weight: bold;\r\n        }\r\n        <\/style>\r\n\r\n        <div class=\"counter-container\">\r\n                            <div class=\"counter-item\">\r\n                    <div class=\"counter-label\">Zadowolonych klient\u00f3w<\/div>\r\n                    <div class=\"counter-number\"\r\n                         data-target=\"120\"\r\n                         data-suffix=\"+\">0<\/div>\r\n                <\/div>\r\n                            <div class=\"counter-item\">\r\n                    <div class=\"counter-label\">Lat do\u015bwiadczenia<\/div>\r\n                    <div class=\"counter-number\"\r\n                         data-target=\"5\"\r\n                         data-suffix=\"\">0<\/div>\r\n                <\/div>\r\n                            <div class=\"counter-item\">\r\n                    <div class=\"counter-label\">Zrealizowanych projekt\u00f3w<\/div>\r\n                    <div class=\"counter-number\"\r\n                         data-target=\"70\"\r\n                         data-suffix=\"+\">0<\/div>\r\n                <\/div>\r\n                    <\/div>\r\n\r\n        <script>\r\n        document.addEventListener(\"DOMContentLoaded\", function () {\r\n            const counters = document.querySelectorAll(\".counter-number\");\r\n\r\n            const observer = new IntersectionObserver(entries => {\r\n                entries.forEach(entry => {\r\n                    if (entry.isIntersecting) {\r\n                        const el = entry.target;\r\n                        const target = parseInt(el.getAttribute(\"data-target\"), 10);\r\n                        const suffix = el.getAttribute(\"data-suffix\") || \"\";\r\n                        let count = 0;\r\n                        const steps = 60;\r\n                        const increment = target \/ steps;\r\n                        let step = 0;\r\n\r\n                        const update = () => {\r\n                            step++;\r\n                            count = Math.round(step * increment);\r\n                            if (count >= target) {\r\n                                el.textContent = target + suffix;\r\n                            } else {\r\n                                el.textContent = count + suffix;\r\n                                requestAnimationFrame(update);\r\n                            }\r\n                        };\r\n\r\n                        update();\r\n                        observer.unobserve(el);\r\n                    }\r\n                });\r\n            }, {\r\n                threshold: 0.5\r\n            });\r\n\r\n            counters.forEach(counter => observer.observe(counter));\r\n        });\r\n        <\/script>\r\n        \t\t\t\t<\/div>\n\t\t\t\t<\/div>\n\t\t\t\t\t<\/div>\n\t\t\t\t<\/div>\n\t\t\t\t<\/div>\n\t\t<div class=\"elementor-element elementor-element-f9d36ef e-con-full e-flex e-con e-parent\" data-id=\"f9d36ef\" data-element_type=\"container\">\n\t\t\t\t<div class=\"elementor-element elementor-element-0c02548 elementor-widget__width-inherit elementor-widget elementor-widget-vertical_slider_block\" data-id=\"0c02548\" data-element_type=\"widget\" data-widget_type=\"vertical_slider_block.default\">\n\t\t\t\t<div class=\"elementor-widget-container\">\n\t\t\t\t\t    <style>\r\n.vs-block-wrapper .ast-button {\r\n    background: #BFB1A4 !important;\r\n    color: #fff !important;\r\n}\r\n.vs-block-wrapper {\r\n    background-image: url('http:\/\/studiosem.pl\/wp-content\/uploads\/2025\/09\/ChatGPT-Image-25-wrz-2025-13_36_00.png');\r\n    background-size: cover;\r\n    background-position: center;\r\n    background-attachment: fixed;\r\n    padding: 120px 20px;\r\n    text-align: center;\r\n}\r\n\r\n.vs-subheader {\r\n    margin-bottom: 10px;\r\n}\r\n\r\n.vs-header {\r\n    margin: 0 auto 20px;\r\n    font-weight: bold;\r\n    max-width: 700px;\r\n}\r\n\r\n.vs-content {\r\n    margin: 0 auto 30px;\r\n    max-width: 500px;\r\n}\r\n\r\n\/* Mobiel & tablet: geen parallax, wel mooi plaatje *\/\r\n@media (max-width: 1024px) {\r\n    .vs-block-wrapper {\r\n        background-attachment: scroll !important;\r\n        background-position: center center !important;\r\n        background-size: cover !important;\r\n    }\r\n}\r\n    <\/style>\r\n    <div class=\"vs-block-wrapper\">\r\n        <div class=\"vs-subheader\">MOJA MISJA<\/div>\r\n        <div class=\"vs-header\">Odkrywaj, tw\u00f3rz i inspiruj. \u017byj z sensem i w dobrym stylu<\/div>\r\n        <div class=\"vs-content\">Projektuj\u0119 przestrzenie, kt\u00f3re anga\u017cuj\u0105 wszystkie zmys\u0142y.<\/div>\r\n        <a class=\"ast-button\" href=\"\/services\" target=\"_blank\">\r\n            POZNAJ SZCZEG\u00d3\u0141Y        <\/a>\r\n    <\/div>\r\n    \t\t\t\t<\/div>\n\t\t\t\t<\/div>\n\t\t\t\t<\/div>\n\t\t<div class=\"elementor-element elementor-element-94aa898 e-con-full e-flex e-con e-parent\" data-id=\"94aa898\" data-element_type=\"container\">\n\t\t<div class=\"elementor-element elementor-element-2763539 e-con-full e-flex e-con e-child\" data-id=\"2763539\" data-element_type=\"container\" data-settings=\"{&quot;background_background&quot;:&quot;classic&quot;}\">\n\t\t\t\t<div class=\"elementor-element elementor-element-79ede04 elementor-widget elementor-widget-logo_marquee\" data-id=\"79ede04\" data-element_type=\"widget\" data-widget_type=\"logo_marquee.default\">\n\t\t\t\t<div class=\"elementor-widget-container\">\n\t\t\t\t\t<div class=\"logo-marquee\"><div class=\"logo-marquee__track\"><img decoding=\"async\" src=\"https:\/\/studiosem.plwp-content\/uploads\/2025\/06\/logo-glamour-1.png\" alt=\"\"><img decoding=\"async\" src=\"https:\/\/studiosem.plwp-content\/uploads\/2025\/06\/logo-business-1.png\" alt=\"\"><img decoding=\"async\" src=\"https:\/\/studiosem.plwp-content\/uploads\/2025\/06\/logo-forbes-1.png\" alt=\"\"><img decoding=\"async\" src=\"https:\/\/studiosem.plwp-content\/uploads\/2025\/06\/logo-grazia-1.png\" alt=\"\"><img decoding=\"async\" src=\"https:\/\/studiosem.plwp-content\/uploads\/2025\/06\/logo-linda-1.png\" alt=\"\"><img decoding=\"async\" src=\"https:\/\/studiosem.plwp-content\/uploads\/2025\/06\/logo-glamour-1.png\" alt=\"\"><img decoding=\"async\" src=\"https:\/\/studiosem.plwp-content\/uploads\/2025\/06\/logo-business-1.png\" alt=\"\"><img decoding=\"async\" src=\"https:\/\/studiosem.plwp-content\/uploads\/2025\/06\/logo-forbes-1.png\" alt=\"\"><img decoding=\"async\" src=\"https:\/\/studiosem.plwp-content\/uploads\/2025\/06\/logo-grazia-1.png\" alt=\"\"><img decoding=\"async\" src=\"https:\/\/studiosem.plwp-content\/uploads\/2025\/06\/logo-linda-1.png\" alt=\"\"><\/div><\/div><style>\r\n            .logo-marquee {\r\n                overflow: hidden;\r\n                white-space: nowrap;\r\n                width: 100%;\r\n            }\r\n            .logo-marquee__track {\r\n                display: inline-flex;\r\n                animation: marquee 42.5s linear infinite;\r\n            }\r\n            .logo-marquee__track img {\r\n                height: 25px;\r\n                margin-right: 250px;\r\n                user-drag: none;\r\n                user-select: none;\r\n                pointer-events: none;\r\n            }\r\n            @keyframes marquee {\r\n                from { transform: translateX(0); }\r\n                to { transform: translateX(-50%); }\r\n            }\r\n        <\/style>\t\t\t\t<\/div>\n\t\t\t\t<\/div>\n\t\t\t\t<\/div>\n\t\t\t\t<\/div>\n\t\t\t\t<\/div>\n\t\t","protected":false},"excerpt":{"rendered":"<p>O MNIE Tw\u00f3rczyni wn\u0119trz, mi\u0142o\u015bniczka natury, estetka Nazywam si\u0119 Sylwia Majewska i od zawsze fascynowa\u0142o mnie projektowanie wn\u0119trz. Ju\u017c jako nastolatka uwielbia\u0142am przemeblowywa\u0107 pokoje, zmienia\u0107 kolory \u015bcian i wyobra\u017ca\u0107 sobie, jak mog\u0142aby wygl\u0105da\u0107 idealna przestrze\u0144. Dzi\u015b pasja ta przerodzi\u0142a si\u0119 w moj\u0105 prac\u0119. Uwielbiam dobry design i naturalne materia\u0142y, kt\u00f3re nadaj\u0105 wn\u0119trzom wyj\u0105tkowego charakteru. Przestrze\u0144 [&hellip;]<\/p>\n","protected":false},"author":1,"featured_media":0,"parent":0,"menu_order":0,"comment_status":"closed","ping_status":"closed","template":"","meta":{"site-sidebar-layout":"no-sidebar","site-content-layout":"","ast-site-content-layout":"full-width-container","site-content-style":"default","site-sidebar-style":"default","ast-global-header-display":"","ast-banner-title-visibility":"","ast-main-header-display":"","ast-hfb-above-header-display":"","ast-hfb-below-header-display":"","ast-hfb-mobile-header-display":"","site-post-title":"disabled","ast-breadcrumbs-content":"","ast-featured-img":"disabled","footer-sml-layout":"","theme-transparent-header-meta":"","adv-header-id-meta":"","stick-header-meta":"","header-above-stick-meta":"","header-main-stick-meta":"","header-below-stick-meta":"","astra-migrate-meta-layouts":"default","ast-page-background-enabled":"default","ast-page-background-meta":{"desktop":{"background-color":"var(--ast-global-color-5)","background-image":"","background-repeat":"repeat","background-position":"center center","background-size":"auto","background-attachment":"scroll","background-type":"","background-media":"","overlay-type":"","overlay-color":"","overlay-opacity":"","overlay-gradient":""},"tablet":{"background-color":"","background-image":"","background-repeat":"repeat","background-position":"center center","background-size":"auto","background-attachment":"scroll","background-type":"","background-media":"","overlay-type":"","overlay-color":"","overlay-opacity":"","overlay-gradient":""},"mobile":{"background-color":"","background-image":"","background-repeat":"repeat","background-position":"center center","background-size":"auto","background-attachment":"scroll","background-type":"","background-media":"","overlay-type":"","overlay-color":"","overlay-opacity":"","overlay-gradient":""}},"ast-content-background-meta":{"desktop":{"background-color":"var(--ast-global-color-4)","background-image":"","background-repeat":"repeat","background-position":"center center","background-size":"auto","background-attachment":"scroll","background-type":"","background-media":"","overlay-type":"","overlay-color":"","overlay-opacity":"","overlay-gradient":""},"tablet":{"background-color":"var(--ast-global-color-4)","background-image":"","background-repeat":"repeat","background-position":"center center","background-size":"auto","background-attachment":"scroll","background-type":"","background-media":"","overlay-type":"","overlay-color":"","overlay-opacity":"","overlay-gradient":""},"mobile":{"background-color":"var(--ast-global-color-4)","background-image":"","background-repeat":"repeat","background-position":"center center","background-size":"auto","background-attachment":"scroll","background-type":"","background-media":"","overlay-type":"","overlay-color":"","overlay-opacity":"","overlay-gradient":""}},"footnotes":""},"class_list":["post-1568","page","type-page","status-publish","hentry"],"_links":{"self":[{"href":"http:\/\/studiosem.pl\/index.php?rest_route=\/wp\/v2\/pages\/1568","targetHints":{"allow":["GET"]}}],"collection":[{"href":"http:\/\/studiosem.pl\/index.php?rest_route=\/wp\/v2\/pages"}],"about":[{"href":"http:\/\/studiosem.pl\/index.php?rest_route=\/wp\/v2\/types\/page"}],"author":[{"embeddable":true,"href":"http:\/\/studiosem.pl\/index.php?rest_route=\/wp\/v2\/users\/1"}],"replies":[{"embeddable":true,"href":"http:\/\/studiosem.pl\/index.php?rest_route=%2Fwp%2Fv2%2Fcomments&post=1568"}],"version-history":[{"count":16,"href":"http:\/\/studiosem.pl\/index.php?rest_route=\/wp\/v2\/pages\/1568\/revisions"}],"predecessor-version":[{"id":1694,"href":"http:\/\/studiosem.pl\/index.php?rest_route=\/wp\/v2\/pages\/1568\/revisions\/1694"}],"wp:attachment":[{"href":"http:\/\/studiosem.pl\/index.php?rest_route=%2Fwp%2Fv2%2Fmedia&parent=1568"}],"curies":[{"name":"wp","href":"https:\/\/api.w.org\/{rel}","templated":true}]}}